{"id":641,"date":"2017-01-22T15:33:09","date_gmt":"2017-01-22T14:33:09","guid":{"rendered":"http:\/\/lemoulinah.cluster020.hosting.ovh.net\/?page_id=641"},"modified":"2025-02-05T12:06:39","modified_gmt":"2025-02-05T11:06:39","slug":"informations","status":"publish","type":"page","link":"https:\/\/www.lemoulindecanteloup.com\/index.php\/informations\/","title":{"rendered":"Informations"},"content":{"rendered":"<section class=\"section  text-normal section-text-no-shadow section-inner-no-shadow section-normal section-opaque\" >\n            <div class=\"background-media\" style=\"background-image: url(&#039;https:\/\/www.lemoulindecanteloup.com\/wp-content\/uploads\/2017\/01\/IMG_3725_1200px.jpg&#039;); background-repeat:no-repeat; background-size:cover; background-attachment:fixed; background-position: 50% 0%;\" data-start=\"background-position: 50% 0px\" data-0-top-bottom=\"background-position: 50% -80px\">\n                    <\/div>\n    \n    <div class=\"background-overlay grid-overlay-0 \" style=\"background-color: rgba(0,0,0,0.3);\"><\/div>\n\n    <div class=\"container container-vertical-default\">\n        <div class=\"row vertical-default\">\n            <div class=\"col-md-12     text-center small-screen-default\"  ><div class=\"divider-wrapper \" style=\"visibility:hidden;background-color:#FFFFF\">\n    <div class=\"visible-xs\" style=\"height:104px;\"><\/div>\n    <div class=\"visible-sm\" style=\"height:101px;\"><\/div>\n    <div class=\"visible-md\" style=\"height:120px;\"><\/div>\n    <div class=\"visible-lg\" style=\"height:123px;\"><\/div>\n<\/div><h1 class=\"text-center  element-top-20 element-bottom-20 text-light hyper regular\" data-os-animation=\"none\" data-os-animation-delay=\"0s\" >\n    Informations pratiques<\/h1><div class=\"figure element-top-20 element-bottom-20  \" data-os-animation=\"none\" data-os-animation-delay=\"0s\">\n            <span class=\"figure-image\">\n        <img loading=\"lazy\" decoding=\"async\" width=\"360\" height=\"30\" src=\"https:\/\/www.lemoulindecanteloup.com\/wp-content\/uploads\/2016\/12\/decor-big-white.png\" class=\"attachment-full size-full\" alt=\"\" srcset=\"https:\/\/www.lemoulindecanteloup.com\/wp-content\/uploads\/2016\/12\/decor-big-white.png 360w, https:\/\/www.lemoulindecanteloup.com\/wp-content\/uploads\/2016\/12\/decor-big-white-300x25.png 300w\" sizes=\"auto, (max-width: 360px) 100vw, 360px\" \/>            <\/span>\n    <\/div>\n<\/div>        <\/div>\n    <\/div>\n<\/section><section class=\"section  text-normal section-text-no-shadow section-inner-no-shadow section-normal section-opaque\" >\n    \n    <div class=\"background-overlay grid-overlay-0 \" style=\"background-color: rgba(0,0,0,0);\"><\/div>\n\n    <div class=\"container container-vertical-default\">\n        <div class=\"row vertical-default\">\n            <div class=\"col-md-12     text-default small-screen-default\"  ><div class=\"divider-wrapper \" style=\"visibility:hidden;background-color:#FFFFFF\">\n    <div class=\"visible-xs\" style=\"height:50px;\"><\/div>\n    <div class=\"visible-sm\" style=\"height:50px;\"><\/div>\n    <div class=\"visible-md\" style=\"height:50px;\"><\/div>\n    <div class=\"visible-lg\" style=\"height:50px;\"><\/div>\n<\/div><\/div>        <\/div>\n    <\/div>\n<\/section><section class=\"section  text-normal section-text-no-shadow section-inner-no-shadow section-normal section-opaque\" >\n    \n    <div class=\"background-overlay grid-overlay-0 \" style=\"background-color: rgba(39,163,244,1);\"><\/div>\n\n    <div class=\"container-fullwidth container-vertical-default\">\n        <div class=\"row vertical-default\">\n            <div class=\"col-md-12     text-default small-screen-default\"  ><h1 class=\"text-center  element-top-20 element-bottom-20 text-light normal regular\" data-os-animation=\"none\" data-os-animation-delay=\"0s\" >\n    Situation g\u00e9ographique<\/h1><\/div>        <\/div>\n    <\/div>\n<\/section><section class=\"section  text-normal section-text-no-shadow section-inner-no-shadow section-normal section-opaque\" >\n    \n    <div class=\"background-overlay grid-overlay-0 \" style=\"background-color: rgba(0,0,0,0);\"><\/div>\n\n    <div class=\"container container-vertical-default\">\n        <div class=\"row vertical-default\">\n            <div class=\"col-md-12     text-default small-screen-default\"  ><div class=\"row \"><div class=\"col-md-2     text-default small-screen-default\"  ><\/div><div class=\"col-md-8     text-default small-screen-default\"  ><p class=\"lead text-center center  text-normal element-top-20 element-bottom-20\" data-os-animation=\"none\" data-os-animation-delay=\"0s\"><\/p><\/div><div class=\"col-md-2     text-default small-screen-default\"  ><\/div><\/div><\/div>        <\/div>\n    <\/div>\n<\/section><section class=\"section  text-normal section-text-no-shadow section-inner-no-shadow section-normal section-opaque\" >\n    \n    <div class=\"background-overlay grid-overlay-0 \" style=\"background-color: rgba(0,0,0,0);\"><\/div>\n\n    <div class=\"container container-vertical-default\">\n        <div class=\"row vertical-default\">\n            <div class=\"col-md-8     text-default small-screen-default\"  ><div id=\"map400\" class=\"google-map  element-top-20 element-bottom-90 os-animation\" style=\"height:500px\" data-os-animation=\"fadeIn\" data-os-animation-delay=\"0.2s\"><\/div><\/div><div class=\"col-md-4     text-default small-screen-default\"  ><ul class=\"fa-ul  text-normal element-top-20 element-bottom-20 os-animation\" data-os-animation=\"fadeInRight\" data-os-animation-delay=\"0.5s\">\n    <li class=\"\">\n            <i class=\"fa-li fa fa-plane\" style=\"color:#469af3;\">\n        <\/i>\n        A\u00e9roport de Bordeaux-M\u00e9rignac : 20 km<\/li><li class=\"\">\n            <i class=\"fa-li fa fa-train\" style=\"color:#bc32a2;\">\n        <\/i>\n        Gare de Bordeaux Saint-Jean : 15 km<\/li><li class=\"\">\n            <i class=\"fa-li fa fa-car\" style=\"color:#d31d62;\">\n        <\/i>\n        Route : 8 km depuis la rocade bordelaise, sortie 23, direction Bouliac.<\/li><li class=\"\">\n            <i class=\"fa-li fa fa-group\" style=\"color:#1ba513;\">\n        <\/i>\n        Palais des Congr\u00e8s (Foire Internationale de Bordeaux, Conforexpo, Vinexpo) : 20 km<\/li><li class=\"\">\n            <i class=\"fa-li fa fa-compass\" style=\"color:#edcd02;\">\n        <\/i>\n        44.792944, -0.469589<\/li><li class=\"\">\n            <i class=\"fa-li fa fa-shopping-cart\" style=\"color:#529be8;\">\n        <\/i>\n        Grand centre commercial \u00e0 8 km (Bouliac)<\/li><\/ul><\/div>        <\/div>\n    <\/div>\n<\/section><section class=\"section  text-normal section-text-no-shadow section-inner-no-shadow section-normal section-opaque\" >\n    \n    <div class=\"background-overlay grid-overlay-0 \" style=\"background-color: rgba(39,163,244,1);\"><\/div>\n\n    <div class=\"container-fullwidth container-vertical-default\">\n        <div class=\"row vertical-default\">\n            <div class=\"col-md-12     text-default small-screen-default\"  ><h1 class=\"text-center  element-top-20 element-bottom-20 text-light normal regular\" data-os-animation=\"none\" data-os-animation-delay=\"0s\" >\n    Tarifs<\/h1><\/div>        <\/div>\n    <\/div>\n<\/section><section class=\"section  text-normal section-text-no-shadow section-inner-no-shadow section-normal section-opaque\" >\n    \n    <div class=\"background-overlay grid-overlay-0 \" style=\"background-color: rgba(255,255,255,1);\"><\/div>\n\n    <div class=\"container-fullwidth container-vertical-default\">\n        <div class=\"row vertical-default\">\n            <div class=\"col-md-12     text-default small-screen-default\"  ><div class=\"divider-wrapper \" style=\"visibility:visible;background-color:#FFFFFF\">\n    <div class=\"visible-xs\" style=\"height:40px;\"><\/div>\n    <div class=\"visible-sm\" style=\"height:40px;\"><\/div>\n    <div class=\"visible-md\" style=\"height:40px;\"><\/div>\n    <div class=\"visible-lg\" style=\"height:40px;\"><\/div>\n<\/div><\/div>        <\/div>\n    <\/div>\n<\/section><section class=\"section  text-normal section-text-no-shadow section-inner-no-shadow section-normal section-opaque\" >\n    \n    <div class=\"background-overlay grid-overlay-0 \" style=\"background-color: rgba(0,0,0,0);\"><\/div>\n\n    <div class=\"container container-vertical-default\">\n        <div class=\"row vertical-default\">\n            <div class=\"col-md-6     text-default small-screen-default\"  ><ul class=\"pricing-item-list  text-normal element-top-20 element-bottom-20\" data-os-animation=\"none\" data-os-animation-delay=\"0s\">\n    <li class=\"pricing-cirle  element-top-20 element-bottom-20 \" data-os-animation=\"none\" data-os-animation-delay=\"0s\">    <div class=\"pricing-item-list-content\">\n        <h3>\n            Janvier 2025 <span>648 \u20ac \/ nuit<\/span>\n        <\/h3>            <p>\n                2 nuits minimum            <\/p>    <\/div>\n<\/li><li class=\"pricing-cirle  element-top-20 element-bottom-20 \" data-os-animation=\"none\" data-os-animation-delay=\"0s\">    <div class=\"pricing-item-list-content\">\n        <h3>\n            F\u00e9vrier 2025 <span>648 \u20ac \/ nuit<\/span>\n        <\/h3>            <p>\n                2 nuits minimum            <\/p>    <\/div>\n<\/li><li class=\"pricing-cirle  element-top-20 element-bottom-20 \" data-os-animation=\"none\" data-os-animation-delay=\"0s\">    <div class=\"pricing-item-list-content\">\n        <h3>\n            Mars 2025 <span>648 \u20ac \/ nuit<\/span>\n        <\/h3>            <p>\n                2 nuits minimum            <\/p>    <\/div>\n<\/li><li class=\"pricing-cirle  element-top-20 element-bottom-20 \" data-os-animation=\"none\" data-os-animation-delay=\"0s\">    <div class=\"pricing-item-list-content\">\n        <h3>\n            Avril 2025 <span>812 \u20ac \/ nuit<\/span>\n        <\/h3>            <p>\n                3 nuits minimum            <\/p>    <\/div>\n<\/li><li class=\"pricing-cirle  element-top-20 element-bottom-20 \" data-os-animation=\"none\" data-os-animation-delay=\"0s\">    <div class=\"pricing-item-list-content\">\n        <h3>\n            Mai 2025 <span>988 \u20ac \/ nuit<\/span>\n        <\/h3>            <p>\n                3 nuits minimum            <\/p>    <\/div>\n<\/li><li class=\"pricing-cirle  element-top-20 element-bottom-20 \" data-os-animation=\"none\" data-os-animation-delay=\"0s\">    <div class=\"pricing-item-list-content\">\n        <h3>\n            Juin 2025 <span>1031 \u20ac \/ nuit<\/span>\n        <\/h3>            <p>\n                3 nuits minimum            <\/p>    <\/div>\n<\/li><\/ul><\/div><div class=\"col-md-6     text-default small-screen-default\"  ><ul class=\"pricing-item-list  text-normal element-top-20 element-bottom-20\" data-os-animation=\"none\" data-os-animation-delay=\"0s\">\n    <li class=\"pricing-cirle  element-top-20 element-bottom-20 \" data-os-animation=\"none\" data-os-animation-delay=\"0s\">    <div class=\"pricing-item-list-content\">\n        <h3>\n            Juillet 2025 <span>1262 \u20ac \/ nuit<\/span>\n        <\/h3>            <p>\n                Location \u00e0 la semaine            <\/p>    <\/div>\n<\/li><li class=\"pricing-cirle  element-top-20 element-bottom-20 \" data-os-animation=\"none\" data-os-animation-delay=\"0s\">    <div class=\"pricing-item-list-content\">\n        <h3>\n            Ao\u00fbt 2025 <span>1262 \u20ac \/ nuit<\/span>\n        <\/h3>            <p>\n                Location \u00e0 la semaine            <\/p>    <\/div>\n<\/li><li class=\"pricing-cirle  element-top-20 element-bottom-20 \" data-os-animation=\"none\" data-os-animation-delay=\"0s\">    <div class=\"pricing-item-list-content\">\n        <h3>\n            Septembre 2025 <span>1031 \u20ac \/ nuit<\/span>\n        <\/h3>            <p>\n                Location \u00e0 la semaine pour la premi\u00e8re quinzaine, puis 3 nuits minimum            <\/p>    <\/div>\n<\/li><li class=\"pricing-cirle  element-top-20 element-bottom-20 \" data-os-animation=\"none\" data-os-animation-delay=\"0s\">    <div class=\"pricing-item-list-content\">\n        <h3>\n            Octobre 2025 <span>836 \u20ac \/ nuit<\/span>\n        <\/h3>            <p>\n                2 nuits minimum            <\/p>    <\/div>\n<\/li><li class=\"pricing-cirle  element-top-20 element-bottom-20 \" data-os-animation=\"none\" data-os-animation-delay=\"0s\">    <div class=\"pricing-item-list-content\">\n        <h3>\n            Novembre 2025 <span>713 \u20ac \/ nuit<\/span>\n        <\/h3>            <p>\n                2 nuits minimum            <\/p>    <\/div>\n<\/li><li class=\"pricing-cirle  element-top-20 element-bottom-20 \" data-os-animation=\"none\" data-os-animation-delay=\"0s\">    <div class=\"pricing-item-list-content\">\n        <h3>\n            D\u00e9cembre 2025 <span>990 \u20ac \/ nuit<\/span>\n        <\/h3>            <p>\n                2 nuits minimum au m\u00eame tarif que novembre (713\u20ac\/nuit), et \u00e0 la semaine pour les vacances scolaire (990\u20ac\/nuit).            <\/p>    <\/div>\n<\/li><\/ul><\/div>        <\/div>\n    <\/div>\n<\/section><section class=\"section  text-normal section-text-no-shadow section-inner-no-shadow section-normal section-opaque\" >\n    \n    <div class=\"background-overlay grid-overlay-0 \" style=\"background-color: rgba(255,255,255,1);\"><\/div>\n\n    <div class=\"container-fullwidth container-vertical-default\">\n        <div class=\"row vertical-default\">\n            <div class=\"col-md-12     text-default small-screen-default\"  ><div class=\"col-text-1 text-normal  element-top-20 element-bottom-20\" data-os-animation=\"none\" data-os-animation-delay=\"0s\">\n    <p style=\"text-align: center;\">Taxe de s\u00e9jour 3.06\u20ac\/jour\/personne<\/p>\n<p style=\"text-align: center;\">Frais de m\u00e9nage 380\u20ac<\/p>\n<\/div>\n<div class=\"divider-wrapper \" style=\"visibility:visible;background-color:#FFFFFF\">\n    <div class=\"visible-xs\" style=\"height:40px;\"><\/div>\n    <div class=\"visible-sm\" style=\"height:40px;\"><\/div>\n    <div class=\"visible-md\" style=\"height:40px;\"><\/div>\n    <div class=\"visible-lg\" style=\"height:40px;\"><\/div>\n<\/div><\/div>        <\/div>\n    <\/div>\n<\/section><section class=\"section  text-normal section-text-no-shadow section-inner-no-shadow section-normal section-opaque\" >\n    \n    <div class=\"background-overlay grid-overlay-0 \" style=\"background-color: rgba(39,163,244,1);\"><\/div>\n\n    <div class=\"container-fullwidth container-vertical-default\">\n        <div class=\"row vertical-default\">\n            <div class=\"col-md-12     text-default small-screen-default\"  ><h1 class=\"text-center  element-top-20 element-bottom-20 text-light normal regular\" data-os-animation=\"none\" data-os-animation-delay=\"0s\" >\n    Services<\/h1><\/div>        <\/div>\n    <\/div>\n<\/section><section class=\"section  text-normal section-text-no-shadow section-inner-no-shadow section-normal section-opaque\" >\n    \n    <div class=\"background-overlay grid-overlay-0 \" style=\"background-color: rgba(0,0,0,0);\"><\/div>\n\n    <div class=\"container container-vertical-default\">\n        <div class=\"row vertical-default\">\n            <div class=\"col-md-4     text-default small-screen-default\"  ><ul class=\"features-list  text-normal element-top-60 element-bottom-80\" data-os-animation=\"none\" data-os-animation-delay=\"0s\">\n    <li class=\" element-top-20 element-bottom-20 os-animation\"  data-os-animation=\"fadeIn\" data-os-animation-delay=\"0.1s\">\n            <div class=\"features-list-icon box-animate\" data-animation=\" \" style=\"background-color:#d4f4c4;\">\n            <i class=\"fa fa-thumbs-up\"><\/i>\n        <\/div>\n        <h3>\n        Linge, serviettes, draps    <\/h3>\n    <p>\n        Le linge de maison et les serviettes de piscine sont fournis. Les lits sont faits \u00e0 votre arriv\u00e9e.    <\/p>\n<\/li><\/ul><\/div><div class=\"col-md-4     text-default small-screen-default\"  ><ul class=\"features-list  text-normal element-top-60 element-bottom-80\" data-os-animation=\"none\" data-os-animation-delay=\"0s\">\n    <li class=\" element-top-20 element-bottom-20 os-animation\"  data-os-animation=\"fadeIn\" data-os-animation-delay=\"0.3s\">\n            <div class=\"features-list-icon box-animate\" data-animation=\" \" style=\"background-color:#d4f4c4;\">\n            <i class=\"fa fa-child\"><\/i>\n        <\/div>\n        <h3>\n        Pour b\u00e9b\u00e9    <\/h3>\n    <p>\n        Pour b\u00e9b\u00e9 nous mettons \u00e0 votre disposition : lit, chaise, baignoire, si\u00e8ge v\u00e9lo.    <\/p>\n<\/li><\/ul><\/div><div class=\"col-md-4     text-default small-screen-default\"  ><ul class=\"features-list  text-normal element-top-60 element-bottom-20\" data-os-animation=\"none\" data-os-animation-delay=\"0s\">\n    <li class=\" element-top-20 element-bottom-20 os-animation\"  data-os-animation=\"fadeIn\" data-os-animation-delay=\"0.2s\">\n            <div class=\"features-list-icon box-animate\" data-animation=\" \" style=\"background-color:#d4f4c4;\">\n            <i class=\"fa fa-trash-o\"><\/i>\n        <\/div>\n        <h3>\n        M\u00e9nage    <\/h3>\n    <p>\n        Le m\u00e9nage en fin de s\u00e9jour est de 350 \u20ac. L&rsquo;entretien du jardin et de la piscine est inclus. Sur demande et avec suppl\u00e9ment, le m\u00e9nage peut \u00eatre assur\u00e9 en semaine.    <\/p>\n<\/li><\/ul><\/div>        <\/div>\n    <\/div>\n<\/section><section class=\"section  text-normal section-text-no-shadow section-inner-no-shadow section-normal section-opaque\" >\n    \n    <div class=\"background-overlay grid-overlay-0 \" style=\"background-color: rgba(0,0,0,0);\"><\/div>\n\n    <div class=\"container container-vertical-default\">\n        <div class=\"row vertical-default\">\n            <div class=\"col-md-2     text-default small-screen-default\"  ><\/div><div class=\"col-md-2     text-default small-screen-default\"  ><\/div>        <\/div>\n    <\/div>\n<\/section><section class=\"section  text-normal section-text-no-shadow section-inner-no-shadow section-normal section-opaque\" >\n            <div class=\"background-media\" style=\"background-image: url(&#039;https:\/\/www.lemoulindecanteloup.com\/wp-content\/uploads\/2017\/01\/agenda.jpg&#039;); background-repeat:no-repeat; background-size:cover; background-attachment:fixed; background-position: 50% 0%;\" >\n                    <\/div>\n    \n    <div class=\"background-overlay grid-overlay-40 \" style=\"background-color: rgba(146,53,119,0.9);\"><\/div>\n\n    <div class=\"container-fullwidth container-vertical-default\">\n        <div class=\"row vertical-default\">\n            <div class=\"col-md-12     text-center small-screen-default\"  ><h1 class=\"text-center  element-top-20 element-bottom-20 text-light normal regular\" data-os-animation=\"none\" data-os-animation-delay=\"0s\" >\n    Disponibilit\u00e9s<\/h1><p class=\"lead text-center center  text-light element-top-20 element-bottom-20\" data-os-animation=\"none\" data-os-animation-delay=\"0s\">Cliquez sur le bouton ci-dessous pour conna\u00eetre les disponibilit\u00e9s de location du Moulin de Canteloup<\/p><a href=\"#\" class=\"btn btn-success btn-lg  text-normal btn-icon-left  element-left-0 element-right-0 element-top-20 element-bottom-60\" target=\"_self\" data-toggle=\"modal\" data-target=\"#705\"  data-os-animation=\"none\" data-os-animation-delay=\"0s\">\n\t        <i class=\"fa fa-calendar-o\" ><\/i>\n        Consulter le calendrier des disponibilit\u00e9s     <\/a><\/div>        <\/div>\n    <\/div>\n<\/section><section class=\"section  text-normal section-text-no-shadow section-inner-no-shadow section-normal section-opaque\" >\n    \n    <div class=\"background-overlay grid-overlay-0 \" style=\"background-color: rgba(0,0,0,0);\"><\/div>\n\n    <div class=\"container container-vertical-default\">\n        <div class=\"row vertical-default\">\n            <div class=\"col-md-3     text-default small-screen-default\"  ><\/div><div class=\"col-md-6     text-default small-screen-default\"  ><\/div><div class=\"col-md-3     text-default small-screen-default\"  ><\/div>        <\/div>\n    <\/div>\n<\/section><section class=\"section  text-normal section-text-no-shadow section-inner-no-shadow section-normal section-opaque\" >\n    \n    <div class=\"background-overlay grid-overlay-0 \" style=\"background-color: rgba(0,0,0,0);\"><\/div>\n\n    <div class=\"container container-vertical-default\">\n        <div class=\"row vertical-default\">\n            <div class=\"col-md-3     text-center small-screen-default\"  ><\/div><div class=\"col-md-6     text-default small-screen-default\"  ><h1 class=\"text-center  element-top-80 element-bottom-20 text-normal normal regular\" data-os-animation=\"none\" data-os-animation-delay=\"0s\" >\n    Nous contacter<\/h1><div class=\"divider-border  divider-border-center element-top-20 element-bottom-20\" data-os-animation=\"none\" data-os-animation-delay=\"0s\" >\n    <div class=\"divider-border-inner\"  style=\"background:#7dacfa; \"><\/div>\n<\/div><p class=\"lead text-center center  text-normal element-top-20 element-bottom-50\" data-os-animation=\"none\" data-os-animation-delay=\"0s\">N&rsquo;h\u00e9sitez pas \u00e0 nous contacter pour toutes questions, nous serons ravis de pouvoir y r\u00e9pondre en attendant de vous accueillir au Moulin de Canteloup<\/p><div role=\"form\" class=\"wpcf7\" id=\"wpcf7-f719-o1\" lang=\"en-US\" dir=\"ltr\">\n<div class=\"screen-reader-response\"><p role=\"status\" aria-live=\"polite\" aria-atomic=\"true\"><\/p> <ul><\/ul><\/div>\n<form action=\"\/index.php\/wp-json\/wp\/v2\/pages\/641#wpcf7-f719-o1\" method=\"post\" class=\"wpcf7-form init\" novalidate=\"novalidate\" data-status=\"init\">\n<div style=\"display: none;\">\n<input type=\"hidden\" name=\"_wpcf7\" value=\"719\" \/>\n<input type=\"hidden\" name=\"_wpcf7_version\" value=\"5.4.1\" \/>\n<input type=\"hidden\" name=\"_wpcf7_locale\" value=\"en_US\" \/>\n<input type=\"hidden\" name=\"_wpcf7_unit_tag\" value=\"wpcf7-f719-o1\" \/>\n<input type=\"hidden\" name=\"_wpcf7_container_post\" value=\"0\" \/>\n<input type=\"hidden\" name=\"_wpcf7_posted_data_hash\" value=\"\" \/>\n<\/div>\n<div class=\"form-group form-icon-group\">\n            <i class=\"fa fa-user\"><\/i> <span class=\"wpcf7-form-control-wrap your-name\"><input type=\"text\" name=\"your-name\" value=\"\" size=\"40\" class=\"wpcf7-form-control wpcf7-text wpcf7-validates-as-required form-control\" aria-required=\"true\" aria-invalid=\"false\" placeholder=\"Votre nom *\" \/><\/span>\n        <\/div>\n<div class=\"form-group form-icon-group\">\n            <i class=\"fa fa-envelope\" > <\/i> <span class=\"wpcf7-form-control-wrap your-email\"><input type=\"email\" name=\"your-email\" value=\"\" size=\"40\" class=\"wpcf7-form-control wpcf7-text wpcf7-email wpcf7-validates-as-required wpcf7-validates-as-email form-control\" aria-required=\"true\" aria-invalid=\"false\" placeholder=\"Votre email *\" \/><\/span>\n        <\/div>\n<div class=\"form-group form-icon-group\">\n      <i class=\"fa fa-pencil\"><\/i> <span class=\"wpcf7-form-control-wrap your-message\"><textarea name=\"your-message\" cols=\"40\" rows=\"10\" class=\"wpcf7-form-control wpcf7-textarea form-control\" aria-invalid=\"false\" placeholder=\"Votre message\"><\/textarea><\/span>\n<\/div>\n<div class=\"text-center\">\n<input type=\"submit\" value=\"Envoyer votre message\" class=\"wpcf7-form-control wpcf7-submit btn btn-primary\" \/>\n<\/div>\n<input type='hidden' class='wpcf7-pum' value='{\"closepopup\":false,\"closedelay\":0,\"openpopup\":false,\"openpopup_id\":0}' \/><div class=\"wpcf7-response-output\" aria-hidden=\"true\"><\/div><\/form><\/div><\/div><div class=\"col-md-3     text-default small-screen-default\"  ><\/div>        <\/div>\n    <\/div>\n<\/section><section class=\"section  text-normal section-text-no-shadow section-inner-no-shadow section-normal section-opaque\" >\n    \n    <div class=\"background-overlay grid-overlay-0 \" style=\"background-color: rgba(0,0,0,0);\"><\/div>\n\n    <div class=\"container container-vertical-default\">\n        <div class=\"row vertical-default\">\n            <div class=\"col-md-12     text-default small-screen-default\"  ><div class=\"divider-wrapper \" style=\"visibility:hidden;background-color:#FFFFF\">\n    <div class=\"visible-xs\" style=\"height:80px;\"><\/div>\n    <div class=\"visible-sm\" style=\"height:80px;\"><\/div>\n    <div class=\"visible-md\" style=\"height:80px;\"><\/div>\n    <div class=\"visible-lg\" style=\"height:80px;\"><\/div>\n<\/div><\/div>        <\/div>\n    <\/div>\n<\/section>\n","protected":false},"excerpt":{"rendered":"Informations pratiques Situation g\u00e9ographique A\u00e9roport de Bordeaux-M\u00e9rignac : 20 km Gare de Bordeaux Saint-Jean : 15 km Route : 8 km depuis la rocade bordelaise, sortie 23, direction Bouliac. Palais des Congr\u00e8s (Foire Internationale de Bordeaux, Conforexpo, Vinexpo) : 20 km 44.792944, -0.469589 Grand centre commercial \u00e0 8 km (Bouliac) Tarifs Janvier 2025 648 \u20ac","protected":false},"author":1,"featured_media":0,"parent":0,"menu_order":0,"comment_status":"closed","ping_status":"closed","template":"","meta":{"footnotes":""},"class_list":["post-641","page","type-page","status-publish","hentry"],"_links":{"self":[{"href":"https:\/\/www.lemoulindecanteloup.com\/index.php\/wp-json\/wp\/v2\/pages\/641","targetHints":{"allow":["GET"]}}],"collection":[{"href":"https:\/\/www.lemoulindecanteloup.com\/index.php\/wp-json\/wp\/v2\/pages"}],"about":[{"href":"https:\/\/www.lemoulindecanteloup.com\/index.php\/wp-json\/wp\/v2\/types\/page"}],"author":[{"embeddable":true,"href":"https:\/\/www.lemoulindecanteloup.com\/index.php\/wp-json\/wp\/v2\/users\/1"}],"replies":[{"embeddable":true,"href":"https:\/\/www.lemoulindecanteloup.com\/index.php\/wp-json\/wp\/v2\/comments?post=641"}],"version-history":[{"count":147,"href":"https:\/\/www.lemoulindecanteloup.com\/index.php\/wp-json\/wp\/v2\/pages\/641\/revisions"}],"predecessor-version":[{"id":1453,"href":"https:\/\/www.lemoulindecanteloup.com\/index.php\/wp-json\/wp\/v2\/pages\/641\/revisions\/1453"}],"wp:attachment":[{"href":"https:\/\/www.lemoulindecanteloup.com\/index.php\/wp-json\/wp\/v2\/media?parent=641"}],"curies":[{"name":"wp","href":"https:\/\/api.w.org\/{rel}","templated":true}]}}